{"id":5,"date":"2015-11-06T09:08:58","date_gmt":"2015-11-06T08:08:58","guid":{"rendered":"https:\/\/www.gianluca-zampieri.com\/?page_id=5"},"modified":"2018-10-15T19:19:04","modified_gmt":"2018-10-15T17:19:04","slug":"vita","status":"publish","type":"page","link":"https:\/\/www.gianluca-zampieri.com\/it\/vita\/","title":{"rendered":"Vita"},"content":{"rendered":"<p><a href=\"https:\/\/www.gianluca-zampieri.com\/wp-content\/uploads\/2015\/11\/Portrait.jpg\" rel=\"lightbox[5]\"><img loading=\"lazy\" decoding=\"async\" class=\"alignright wp-image-4\" src=\"https:\/\/www.gianluca-zampieri.com\/wp-content\/uploads\/2015\/11\/Portrait-300x300.jpg\" alt=\"Portrait\" width=\"300\" height=\"300\" srcset=\"https:\/\/www.gianluca-zampieri.com\/wp-content\/uploads\/2015\/11\/Portrait-300x300.jpg 300w, https:\/\/www.gianluca-zampieri.com\/wp-content\/uploads\/2015\/11\/Portrait-150x150.jpg 150w, https:\/\/www.gianluca-zampieri.com\/wp-content\/uploads\/2015\/11\/Portrait.jpg 959w\" sizes=\"auto, (max-width: 300px) 100vw, 300px\" \/><\/a>Il tenore Gianluca Zampieri \u00e8 Nato a Venezia e vive a Roma.<br \/>\nDopo la vittoria nel Concorso Mattia Battistini di Rieti, si \u00e8 esibito in numerosi teatri nazionali (Bologna, Venezia, Genova, Roma, Palermo, Catania, Torino etc.) ed internazionali (Francoforte, Zurigo, Budapest, Praga, Varsavia, Monte-Carlo, Tokyo, Taipei,Vilnius etc.).<br \/>\nNel 2005 ha interpretato \u201cGuntram\u201d di R.Strauss in prima nazionale assoluta al Bellini di Catania sotto la direzione di G.Kuhn ed \u00e8 stato ancora Laca nella \u201cJenufa\u201d al Teatro Nazionale di Praga, interpretazione per la quale ha vinto il premio \u201cLibusek\u201d organizzato dalla Associazione della Stampa Ceca. Nel 2007 \u00e8 stato \u201cCyrano di Bergerac\u201d di Alfano in una coproduzione dei teatri di Ostrava e Karlsruhe. Per questa interpretazione ha ricevuto il Premio Thalia 2007, il pi\u00f9 alto riconoscimento artistico della Repubblic Ceca. Nel 2010 ha interpretato \u201cNerone\u201d di Boito nella nuova ed acclamata produzione del Antik Festival di Trier, ottenendo un grande successo di pubblico e la nomination agli Opera Oscar di Opernwelt a Basel. Nel 2013 per le celebrazioni verdiane \u00e8 stato \u201cOtello\u201d a Cordoba, \u201cErnani\u201d al NDM Ostrava ed ha eseguito il Requiem a Lipsia ed a Varsavia sotto la direzione di Krzystof Penderecki. Nel 2014 \u00e8 stato \u201cErnani\u201d a Vilnius, dove torner\u00e0 nel 2015 e nel 2016 con lo stesso ruolo. Inoltre \u00e8 stato \u201cSiegfried\u201d ad Osaka ed ha interpretato lo stesso ruolo nel \u201cCrepuscolo degli Dei\u201d al Tiroler Festspiele Erl. E\u2019 stato anche Radam\u00e8s e Manrico all\u2019Opera di Stato di Praga. Nel 2015 \u00e8 tornato al NDM Ostrava con \u201cAndrea Ch\u00e8nier\u201d e \u201cL\u2019angelo di fuoco\u201d di Prokofiev, \u00e8 stato Canio a Massa Marittima ed anche Tristan al Tiroler Festspiele Erl e al Poly Theatre di Pechino e Siegfried a Shangai.<\/p>\n<p>Nel 2016 \u00e8 stato Steva nella \u201cJenufa\u201d al Teatro Nazionale di Tokyo e Jira nei \u201cBrandeburghesi in Boemia\u201d di Smetana al NDM e al Festival di Lytomisl ed \u00e8 tornato come Siegfried e Tristan ad Erl e come Manrico a Praga\u201d. Then \u201cNel 2017 ha interpretato Otello di Verdi ad Astrakhan e al NDM ed ha debuttato come T\u00ecchon nella \u201cKata Kabanova\u201d di Janacek a Brno, per la regia di Robert Carsen. E\u2019 tornato ad Erl come Siegfried e a Brno come Radam\u00e9s. E\u2019 stato Canio nella nuova produzione dei \u201cPagliacci\u201d al Festival Leoncavallo. Nel 2018 ha debuttato come Herman nella nuova produzione di \u201cDama di picche\u201d a Brno ed ha interpretato il Primo Cavaliere del Graal nella nuova produzione di \u201cParsifal\u201d all\u2019Opera Bastille. E\u2019 tornato ad Erl come Tannhauser e Siegfried. In novembre sar\u00e0 Andrea Ch\u00e9nier a Catania e in dicembre Otello a Craiova. Nel 2019 torner\u00e0 a Brno come Radam\u00e9s e Herman ed al NDM come Otello. Parteciper\u00e0 alla prima mondiale di \u201cLes Bienveillantes\u201d di Parra in maggio ad Anversa per la regia di Calixto Bieito.<\/p>","protected":false},"excerpt":{"rendered":"<p>Il tenore Gianluca Zampieri \u00e8 Nato a Venezia e vive a Roma. Dopo la vittoria nel Concorso Mattia Battistini di Rieti, si \u00e8 esibito in numerosi teatri nazionali (Bologna, Venezia, Genova, Roma, Palermo, Catania, Torino etc.) ed internazionali (Francoforte, Zurigo, Budapest, Praga, Varsavia, Monte-Carlo, Tokyo, Taipei,Vilnius etc.). Nel 2005 ha\u2026<\/p>\n<p> <a class=\"continue-reading-link\" href=\"https:\/\/www.gianluca-zampieri.com\/it\/vita\/\"><span>Continue reading<\/span><i class=\"crycon-right-dir\"><\/i><\/a> <\/p>\n","protected":false},"author":1,"featured_media":0,"parent":0,"menu_order":0,"comment_status":"closed","ping_status":"closed","template":"","meta":{"footnotes":""},"class_list":["post-5","page","type-page","status-publish","hentry"],"aioseo_notices":[],"_links":{"self":[{"href":"https:\/\/www.gianluca-zampieri.com\/it\/wp-json\/wp\/v2\/pages\/5","targetHints":{"allow":["GET"]}}],"collection":[{"href":"https:\/\/www.gianluca-zampieri.com\/it\/wp-json\/wp\/v2\/pages"}],"about":[{"href":"https:\/\/www.gianluca-zampieri.com\/it\/wp-json\/wp\/v2\/types\/page"}],"author":[{"embeddable":true,"href":"https:\/\/www.gianluca-zampieri.com\/it\/wp-json\/wp\/v2\/users\/1"}],"replies":[{"embeddable":true,"href":"https:\/\/www.gianluca-zampieri.com\/it\/wp-json\/wp\/v2\/comments?post=5"}],"version-history":[{"count":14,"href":"https:\/\/www.gianluca-zampieri.com\/it\/wp-json\/wp\/v2\/pages\/5\/revisions"}],"predecessor-version":[{"id":288,"href":"https:\/\/www.gianluca-zampieri.com\/it\/wp-json\/wp\/v2\/pages\/5\/revisions\/288"}],"wp:attachment":[{"href":"https:\/\/www.gianluca-zampieri.com\/it\/wp-json\/wp\/v2\/media?parent=5"}],"curies":[{"name":"wp","href":"https:\/\/api.w.org\/{rel}","templated":true}]}}